{"id":2452,"date":"2025-04-14T09:38:43","date_gmt":"2025-04-14T09:38:43","guid":{"rendered":"https:\/\/www.mhtc.ch\/schulung\/"},"modified":"2026-02-27T09:52:06","modified_gmt":"2026-02-27T09:52:06","slug":"schulung","status":"publish","type":"page","link":"https:\/\/www.mhtc.ch\/de\/schulung\/","title":{"rendered":"Schulung"},"content":{"rendered":"<p>[et_pb_section fb_built=&#8221;1&#8243; _builder_version=&#8221;4.27.4&#8243; _module_preset=&#8221;default&#8221; background_color=&#8221;#FFFFFF&#8221; global_colors_info=&#8221;{}&#8221;][et_pb_row _builder_version=&#8221;4.27.4&#8243; _module_preset=&#8221;default&#8221; global_colors_info=&#8221;{}&#8221;][et_pb_column type=&#8221;4_4&#8243; _builder_version=&#8221;4.27.4&#8243; _module_preset=&#8221;default&#8221; global_colors_info=&#8221;{}&#8221;][et_pb_post_title meta=&#8221;off&#8221; _builder_version=&#8221;4.27.4&#8243; _module_preset=&#8221;default&#8221; global_colors_info=&#8221;{}&#8221;][\/et_pb_post_title][et_pb_text _builder_version=&#8221;4.27.5&#8243; _module_preset=&#8221;default&#8221; hover_enabled=&#8221;0&#8243; global_colors_info=&#8221;{}&#8221; sticky_enabled=&#8221;0&#8243;]<\/p>\n<p data-start=\"78\" data-end=\"199\">Die MHTC-Schulung besteht aus mehreren Online-Modulen, die so konzipiert sind, dass sie sich an Ihre Praxis und Ihr Tempo anpassen.<\/p>\n<p data-start=\"201\" data-end=\"294\">Jedes Modul kann unabh\u00e4ngig absolviert werden, je nach Ihren Bed\u00fcrfnissen und aktuellen Priorit\u00e4ten.<\/p>\n<p data-start=\"296\" data-end=\"452\" data-is-last-node=\"\" data-is-only-node=\"\">Sie k\u00f6nnen Schritt f\u00fcr Schritt vorgehen, ein bestimmtes Thema vertiefen oder das gesamte Programm durchlaufen, um Ihre Kompetenzen in der Tabakologie zu erweitern.<\/p>\n<p>[\/et_pb_text][et_pb_text _builder_version=&#8221;4.27.4&#8243; _module_preset=&#8221;default&#8221; global_colors_info=&#8221;{}&#8221;]<\/p>\n\n<p>[\/et_pb_text][et_pb_ld_course_list skin=&#8221;masonry&#8221; course_order=&#8221;ASC&#8221; course_order_by=&#8221;title&#8221; show_thumbnail=&#8221;off&#8221; show_progress_bar=&#8221;on&#8221; show_total_students=&#8221;off&#8221; show_total_quizzes=&#8221;off&#8221; _builder_version=&#8221;4.27.4&#8243; _module_preset=&#8221;default&#8221; global_colors_info=&#8221;{}&#8221;][\/et_pb_ld_course_list][\/et_pb_column][\/et_pb_row][\/et_pb_section]<\/p>\n","protected":false},"excerpt":{"rendered":"<p>Die MHTC-Schulung besteht aus mehreren Online-Modulen, die so konzipiert sind, dass sie sich an Ihre Praxis und Ihr Tempo anpassen. Jedes Modul kann unabh\u00e4ngig absolviert werden, je nach Ihren Bed\u00fcrfnissen und aktuellen Priorit\u00e4ten. Sie k\u00f6nnen Schritt f\u00fcr Schritt vorgehen, ein bestimmtes Thema vertiefen oder das gesamte Programm durchlaufen, um Ihre Kompetenzen in der Tabakologie zu [&hellip;]<\/p>\n","protected":false},"author":1,"featured_media":0,"parent":0,"menu_order":0,"comment_status":"closed","ping_status":"closed","template":"","meta":{"_acf_changed":false,"_et_pb_use_builder":"on","_et_pb_old_content":"","_et_gb_content_width":"","footnotes":""},"class_list":["post-2452","page","type-page","status-publish","hentry"],"acf":[],"_links":{"self":[{"href":"https:\/\/www.mhtc.ch\/de\/wp-json\/wp\/v2\/pages\/2452","targetHints":{"allow":["GET"]}}],"collection":[{"href":"https:\/\/www.mhtc.ch\/de\/wp-json\/wp\/v2\/pages"}],"about":[{"href":"https:\/\/www.mhtc.ch\/de\/wp-json\/wp\/v2\/types\/page"}],"author":[{"embeddable":true,"href":"https:\/\/www.mhtc.ch\/de\/wp-json\/wp\/v2\/users\/1"}],"replies":[{"embeddable":true,"href":"https:\/\/www.mhtc.ch\/de\/wp-json\/wp\/v2\/comments?post=2452"}],"version-history":[{"count":6,"href":"https:\/\/www.mhtc.ch\/de\/wp-json\/wp\/v2\/pages\/2452\/revisions"}],"predecessor-version":[{"id":2461,"href":"https:\/\/www.mhtc.ch\/de\/wp-json\/wp\/v2\/pages\/2452\/revisions\/2461"}],"wp:attachment":[{"href":"https:\/\/www.mhtc.ch\/de\/wp-json\/wp\/v2\/media?parent=2452"}],"curies":[{"name":"wp","href":"https:\/\/api.w.org\/{rel}","templated":true}]}}