{"id":2583,"date":"2025-04-16T21:42:25","date_gmt":"2025-04-16T21:42:25","guid":{"rendered":"https:\/\/www.mhtc.ch\/startseite\/"},"modified":"2026-03-06T20:41:26","modified_gmt":"2026-03-06T20:41:26","slug":"startseite","status":"publish","type":"page","link":"https:\/\/www.mhtc.ch\/de\/","title":{"rendered":"Startseite"},"content":{"rendered":"<p>[et_pb_section fb_built=&#8221;1&#8243; _builder_version=&#8221;4.27.4&#8243; _module_preset=&#8221;default&#8221; global_colors_info=&#8221;{}&#8221;][et_pb_row _builder_version=&#8221;4.27.4&#8243; _module_preset=&#8221;default&#8221; global_colors_info=&#8221;{}&#8221;][et_pb_column type=&#8221;4_4&#8243; _builder_version=&#8221;4.27.4&#8243; _module_preset=&#8221;default&#8221; global_colors_info=&#8221;{}&#8221;][et_pb_text _builder_version=&#8221;4.27.4&#8243; _module_preset=&#8221;default&#8221; global_colors_info=&#8221;{}&#8221;]<\/p>\n<h1>Willkommen bei Mental Health Tobacco Care!<\/h1>\n<p>Mental Health Tobacco Care (MHTC) ist eine kostenlose Online-Fortbildung in Tabakologie f\u00fcr Fachpersonen der psychischen Gesundheit.<\/p>\n<p>[\/et_pb_text][\/et_pb_column][\/et_pb_row][et_pb_row _builder_version=&#8221;4.27.4&#8243; _module_preset=&#8221;default&#8221; global_colors_info=&#8221;{}&#8221;][et_pb_column type=&#8221;4_4&#8243; _builder_version=&#8221;4.27.4&#8243; _module_preset=&#8221;default&#8221; global_colors_info=&#8221;{}&#8221;][et_pb_text _builder_version=&#8221;4.27.4&#8243; _module_preset=&#8221;default&#8221; global_colors_info=&#8221;{}&#8221;]<\/p>\n<h2>Ziele der Fortbildung<\/h2>\n<ul>\n<li>Theoretische Kenntnisse in der Tabakologie vertiefen<\/li>\n<li>Sich die Instrumente der Tabakologie aneignen, um sie in einem klinischen Kontext praktisch anzuwenden<\/li>\n<li>Personen begleiten, die eine Ver\u00e4nderung ihres Konsums anstreben<\/li>\n<\/ul>\n<p>[\/et_pb_text][\/et_pb_column][\/et_pb_row][et_pb_row column_structure=&#8221;1_2,1_2&#8243; _builder_version=&#8221;4.27.4&#8243; _module_preset=&#8221;default&#8221; global_colors_info=&#8221;{}&#8221;][et_pb_column type=&#8221;1_2&#8243; _builder_version=&#8221;4.27.4&#8243; _module_preset=&#8221;default&#8221; global_colors_info=&#8221;{}&#8221;][et_pb_image src=&#8221;https:\/\/www.mhtc.ch\/wp-content\/uploads\/2025\/06\/tabac-chuv-1-scaled.jpg&#8221; title_text=&#8221;tabac-chuv-1&#8243; _builder_version=&#8221;4.27.4&#8243; _module_preset=&#8221;default&#8221; global_colors_info=&#8221;{}&#8221;][\/et_pb_image][\/et_pb_column][et_pb_column type=&#8221;1_2&#8243; _builder_version=&#8221;4.27.4&#8243; _module_preset=&#8221;default&#8221; global_colors_info=&#8221;{}&#8221;][et_pb_text _builder_version=&#8221;4.27.4&#8243; _module_preset=&#8221;default&#8221; global_colors_info=&#8221;{}&#8221;]<\/p>\n<h2>Und wenn wir dar\u00fcber sprechen w\u00fcrden?<\/h2>\n<p>Die Zigarette nimmt oft mehr Raum ein, als man denkt. Dar\u00fcber zu sprechen bedeutet, einen wohlwollenden Raum des Zuh\u00f6rens zu bieten, um diese Pr\u00e4senz anzuerkennen und eine gemeinsame Reflexion anzusto\u00dfen.<\/p>\n<p>[\/et_pb_text][\/et_pb_column][\/et_pb_row][et_pb_row column_structure=&#8221;1_2,1_2&#8243; disabled_on=&#8221;on|on|off&#8221; _builder_version=&#8221;4.27.4&#8243; _module_preset=&#8221;default&#8221; global_colors_info=&#8221;{}&#8221;][et_pb_column type=&#8221;1_2&#8243; _builder_version=&#8221;4.27.4&#8243; _module_preset=&#8221;default&#8221; global_colors_info=&#8221;{}&#8221;][et_pb_text _builder_version=&#8221;4.27.4&#8243; _module_preset=&#8221;default&#8221; global_colors_info=&#8221;{}&#8221;]<\/p>\n<h2>Welchen Platz soll Tabak einnehmen?<\/h2>\n<p>Den Platz des Tabaks anzuerkennen bedeutet, einen Rahmen zu bieten, um ohne Urteil zu begleiten, eine Vertrauensbeziehung aufzubauen und einen ehrlichen Dialog zu er\u00f6ffnen.<\/p>\n<p>[\/et_pb_text][\/et_pb_column][et_pb_column type=&#8221;1_2&#8243; _builder_version=&#8221;4.27.4&#8243; _module_preset=&#8221;default&#8221; global_colors_info=&#8221;{}&#8221;][et_pb_image src=&#8221;https:\/\/www.mhtc.ch\/wp-content\/uploads\/2025\/06\/tabac-chuv-2&#8211;scaled.jpg&#8221; title_text=&#8221;tabac-chuv-2&#8243; _builder_version=&#8221;4.27.4&#8243; _module_preset=&#8221;default&#8221; global_colors_info=&#8221;{}&#8221;][\/et_pb_image][\/et_pb_column][\/et_pb_row][et_pb_row column_structure=&#8221;1_2,1_2&#8243; disabled_on=&#8221;off|off|on&#8221; _builder_version=&#8221;4.27.4&#8243; _module_preset=&#8221;default&#8221; global_colors_info=&#8221;{}&#8221;][et_pb_column type=&#8221;1_2&#8243; _builder_version=&#8221;4.27.4&#8243; _module_preset=&#8221;default&#8221; global_colors_info=&#8221;{}&#8221;][et_pb_image src=&#8221;https:\/\/www.mhtc.ch\/wp-content\/uploads\/2025\/06\/tabac-chuv-2&#8211;scaled.jpg&#8221; title_text=&#8221;tabac-chuv-2&#8243; _builder_version=&#8221;4.27.4&#8243; _module_preset=&#8221;default&#8221; global_colors_info=&#8221;{}&#8221;][\/et_pb_image][\/et_pb_column][et_pb_column type=&#8221;1_2&#8243; _builder_version=&#8221;4.27.4&#8243; _module_preset=&#8221;default&#8221; global_colors_info=&#8221;{}&#8221;][et_pb_text _builder_version=&#8221;4.27.4&#8243; _module_preset=&#8221;default&#8221; global_colors_info=&#8221;{}&#8221;]<\/p>\n<h2>Welchen Platz soll Tabak einnehmen?<\/h2>\n<p>Den Platz des Tabaks anzuerkennen bedeutet, einen Rahmen zu bieten, um ohne Urteil zu begleiten, eine Vertrauensbeziehung aufzubauen und einen ehrlichen Dialog zu er\u00f6ffnen.<\/p>\n<p>[\/et_pb_text][\/et_pb_column][\/et_pb_row][et_pb_row column_structure=&#8221;1_2,1_2&#8243; _builder_version=&#8221;4.27.4&#8243; _module_preset=&#8221;default&#8221; global_colors_info=&#8221;{}&#8221;][et_pb_column type=&#8221;1_2&#8243; _builder_version=&#8221;4.27.4&#8243; _module_preset=&#8221;default&#8221; global_colors_info=&#8221;{}&#8221;][et_pb_image src=&#8221;https:\/\/www.mhtc.ch\/wp-content\/uploads\/2025\/06\/tabac-chuv-3-scaled.jpg&#8221; title_text=&#8221;tabac-chuv-3&#8243; _builder_version=&#8221;4.27.4&#8243; _module_preset=&#8221;default&#8221; global_colors_info=&#8221;{}&#8221;][\/et_pb_image][\/et_pb_column][et_pb_column type=&#8221;1_2&#8243; _builder_version=&#8221;4.27.4&#8243; _module_preset=&#8221;default&#8221; global_colors_info=&#8221;{}&#8221;][et_pb_text _builder_version=&#8221;4.27.4&#8243; _module_preset=&#8221;default&#8221; locked=&#8221;off&#8221; global_colors_info=&#8221;{}&#8221;]<\/p>\n<h2>Sprechen wir dar\u00fcber?<\/h2>\n<p>Das Gespr\u00e4ch kann sich dann schrittweise \u00f6ffnen. Ziel ist es zu verstehen, was die Person sich f\u00fcr ihren Konsum w\u00fcnscht, um sie in ihrem Vorgehen besser zu begleiten.<\/p>\n<p>[\/et_pb_text][\/et_pb_column][\/et_pb_row][et_pb_row column_structure=&#8221;1_2,1_2&#8243; disabled_on=&#8221;on|on|off&#8221; _builder_version=&#8221;4.27.4&#8243; _module_preset=&#8221;default&#8221; global_colors_info=&#8221;{}&#8221;][et_pb_column type=&#8221;1_2&#8243; _builder_version=&#8221;4.27.4&#8243; _module_preset=&#8221;default&#8221; global_colors_info=&#8221;{}&#8221;][et_pb_text _builder_version=&#8221;4.27.4&#8243; _module_preset=&#8221;default&#8221; global_colors_info=&#8221;{}&#8221;]<\/p>\n<h2>Wie kann man mit manchmal tief verankerten H\u00fcrden umgehen?<\/h2>\n<p>Rauchen ist oft seit vielen Jahren Teil des Alltags. Sich davon zu l\u00f6sen kann Zeit brauchen, und die eigenen H\u00fcrden zu erkennen hilft, gelassener in Richtung Ver\u00e4nderung voranzukommen.<\/p>\n<p>[\/et_pb_text][\/et_pb_column][et_pb_column type=&#8221;1_2&#8243; _builder_version=&#8221;4.27.4&#8243; _module_preset=&#8221;default&#8221; global_colors_info=&#8221;{}&#8221;][et_pb_image src=&#8221;https:\/\/www.mhtc.ch\/wp-content\/uploads\/2025\/06\/tabac-chuv-4-scaled.jpg&#8221; title_text=&#8221;tabac-chuv-4&#8243; _builder_version=&#8221;4.27.4&#8243; _module_preset=&#8221;default&#8221; global_colors_info=&#8221;{}&#8221;][\/et_pb_image][\/et_pb_column][\/et_pb_row][et_pb_row column_structure=&#8221;1_2,1_2&#8243; disabled_on=&#8221;off|off|on&#8221; _builder_version=&#8221;4.27.4&#8243; _module_preset=&#8221;default&#8221; global_colors_info=&#8221;{}&#8221;][et_pb_column type=&#8221;1_2&#8243; _builder_version=&#8221;4.27.4&#8243; _module_preset=&#8221;default&#8221; global_colors_info=&#8221;{}&#8221;][et_pb_image src=&#8221;https:\/\/www.mhtc.ch\/wp-content\/uploads\/2025\/06\/tabac-chuv-4-scaled.jpg&#8221; title_text=&#8221;tabac-chuv-4&#8243; _builder_version=&#8221;4.27.4&#8243; _module_preset=&#8221;default&#8221; global_colors_info=&#8221;{}&#8221;][\/et_pb_image][\/et_pb_column][et_pb_column type=&#8221;1_2&#8243; _builder_version=&#8221;4.27.4&#8243; _module_preset=&#8221;default&#8221; global_colors_info=&#8221;{}&#8221;][et_pb_text _builder_version=&#8221;4.27.4&#8243; _module_preset=&#8221;default&#8221; global_colors_info=&#8221;{}&#8221;]<\/p>\n<h2>Wie kann man mit manchmal tief verankerten H\u00fcrden umgehen?<\/h2>\n<p>Rauchen ist oft seit vielen Jahren Teil des Alltags. Sich davon zu l\u00f6sen kann Zeit brauchen, und die eigenen H\u00fcrden zu erkennen hilft, gelassener in Richtung Ver\u00e4nderung voranzukommen.<\/p>\n<p>[\/et_pb_text][\/et_pb_column][\/et_pb_row][et_pb_row column_structure=&#8221;1_2,1_2&#8243; _builder_version=&#8221;4.27.4&#8243; _module_preset=&#8221;default&#8221; global_colors_info=&#8221;{}&#8221;][et_pb_column type=&#8221;1_2&#8243; _builder_version=&#8221;4.27.4&#8243; _module_preset=&#8221;default&#8221; global_colors_info=&#8221;{}&#8221;][et_pb_image src=&#8221;https:\/\/www.mhtc.ch\/wp-content\/uploads\/2025\/06\/tabac-chuv-5-scaled.jpg&#8221; title_text=&#8221;tabac-chuv-5&#8243; _builder_version=&#8221;4.27.4&#8243; _module_preset=&#8221;default&#8221; global_colors_info=&#8221;{}&#8221;][\/et_pb_image][\/et_pb_column][et_pb_column type=&#8221;1_2&#8243; _builder_version=&#8221;4.27.4&#8243; _module_preset=&#8221;default&#8221; global_colors_info=&#8221;{}&#8221;][et_pb_text _builder_version=&#8221;4.27.4&#8243; _module_preset=&#8221;default&#8221; global_colors_info=&#8221;{}&#8221;]<\/p>\n<h2>Welche L\u00f6sungen gibt es gemeinsam?<\/h2>\n<p>Sobald das Gespr\u00e4ch er\u00f6ffnet ist, ist es Zeit, die verschiedenen m\u00f6glichen Optionen zu erkunden, angepasst an jede Person. Wichtig ist, Schritt f\u00fcr Schritt voranzugehen \u2013 hin zu einem Leben, in dem die Zigarette endlich weniger Raum einnimmt.<\/p>\n<p>[\/et_pb_text][\/et_pb_column][\/et_pb_row][et_pb_row column_structure=&#8221;1_2,1_2&#8243; disabled_on=&#8221;on|on|off&#8221; _builder_version=&#8221;4.27.4&#8243; _module_preset=&#8221;default&#8221; global_colors_info=&#8221;{}&#8221;][et_pb_column type=&#8221;1_2&#8243; _builder_version=&#8221;4.27.4&#8243; _module_preset=&#8221;default&#8221; global_colors_info=&#8221;{}&#8221;][et_pb_text _builder_version=&#8221;4.27.4&#8243; _module_preset=&#8221;default&#8221; global_colors_info=&#8221;{}&#8221;]<\/p>\n<h2>Und wenn das Rauchen wieder auftaucht?<\/h2>\n<p>Ein Verhalten wie den Tabakkonsum zu ver\u00e4ndern ist schwierig. Selbst nach einer Entscheidung zur Ver\u00e4nderung kann es passieren, dass die Person wieder in das urspr\u00fcngliche Verhalten zur\u00fcckf\u00e4llt.<\/p>\n<p>Daher ist es entscheidend, eine nicht stigmatisierende und ermutigende Sprache zu verwenden.<\/p>\n<p>[\/et_pb_text][\/et_pb_column][et_pb_column type=&#8221;1_2&#8243; _builder_version=&#8221;4.27.4&#8243; _module_preset=&#8221;default&#8221; global_colors_info=&#8221;{}&#8221;][et_pb_image src=&#8221;https:\/\/www.mhtc.ch\/wp-content\/uploads\/2025\/06\/tabac-chuv-6-scaled.jpg&#8221; title_text=&#8221;tabac-chuv-6&#8243; _builder_version=&#8221;4.27.4&#8243; _module_preset=&#8221;default&#8221; global_colors_info=&#8221;{}&#8221;][\/et_pb_image][\/et_pb_column][\/et_pb_row][et_pb_row column_structure=&#8221;1_2,1_2&#8243; disabled_on=&#8221;off|off|on&#8221; _builder_version=&#8221;4.27.4&#8243; _module_preset=&#8221;default&#8221; global_colors_info=&#8221;{}&#8221;][et_pb_column type=&#8221;1_2&#8243; _builder_version=&#8221;4.27.4&#8243; _module_preset=&#8221;default&#8221; global_colors_info=&#8221;{}&#8221;][et_pb_image src=&#8221;https:\/\/www.mhtc.ch\/wp-content\/uploads\/2025\/06\/tabac-chuv-6-scaled.jpg&#8221; title_text=&#8221;tabac-chuv-6&#8243; _builder_version=&#8221;4.27.4&#8243; _module_preset=&#8221;default&#8221; global_colors_info=&#8221;{}&#8221;][\/et_pb_image][\/et_pb_column][et_pb_column type=&#8221;1_2&#8243; _builder_version=&#8221;4.27.4&#8243; _module_preset=&#8221;default&#8221; global_colors_info=&#8221;{}&#8221;][et_pb_text _builder_version=&#8221;4.27.4&#8243; _module_preset=&#8221;default&#8221; global_colors_info=&#8221;{}&#8221;]<\/p>\n<h2>Und wenn das Rauchen wieder auftaucht?<\/h2>\n<p>Ein Verhalten wie den Tabakkonsum zu ver\u00e4ndern ist schwierig. Selbst nach einer Entscheidung zur Ver\u00e4nderung kann es passieren, dass die Person wieder in das urspr\u00fcngliche Verhalten zur\u00fcckf\u00e4llt.<\/p>\n<p>Daher ist es entscheidend, eine nicht stigmatisierende und ermutigende Sprache zu verwenden.<\/p>\n<p>[\/et_pb_text][\/et_pb_column][\/et_pb_row][et_pb_row _builder_version=&#8221;4.27.6&#8243; _module_preset=&#8221;default&#8221;][et_pb_column _builder_version=&#8221;4.27.6&#8243; _module_preset=&#8221;default&#8221; type=&#8221;4_4&#8243;][et_pb_text _builder_version=&#8221;4.27.6&#8243; _module_preset=&#8221;default&#8221; hover_enabled=&#8221;0&#8243; sticky_enabled=&#8221;0&#8243;]<\/p>\n<h2>Danksagung<\/h2>\n<p>Das Projekt \u00abF\u00f6rderung des Rauchstopps bei Personen, die wegen einer psychischen St\u00f6rung behandelt werden, durch die St\u00e4rkung der Kompetenzen von Fachpersonen der psychischen Gesundheit und die Nutzung verf\u00fcgbarer Ressourcen: Konzeption und Umsetzung der Instrumente (STEN)\u00bb wird finanziell vom Tabakpr\u00e4ventionsfonds unterst\u00fctzt.<\/p>\n<p>An der Ausarbeitung der Schulung haben mitgewirkt:<br \/>Prof. Yasser Khazaal, Lauriane Wenig, Anne Leroy, Elise Martinelli, Jean-Christophe Leroy (vom Verein Positive Minders), Aur\u00e9lien Kollbrunner, Evelyne Laszlo (vom CIPRET-Genf), Isabelle Jacot Sadowski (von Unisant\u00e9), Reto Auer, Dr. Frederik Vandenberghe, Dr. Kevin Selby, Dr. Juan Lopez, Laia P\u00e9rez de Luc\u00eda Bov\u00e9, Dr. Benjamin Boutrel, Ineke Keizer, Dr. Jean-Paul Humair.<\/p>\n<p>Unser Dank gilt S\u00e9bastien Perroud f\u00fcr die Illustrationen sowie Jules, Camille, Jason, Fabrice und David f\u00fcr ihre Erfahrungsberichte.<\/p>\n<p>Wir danken dem National Centre for Smoking Cessation and Training im Vereinigten K\u00f6nigreich f\u00fcr ihre Unterst\u00fctzung und Beratung bei der Entwicklung dieser Schulung. (\u201cWe thank thefor their support and advice in developing this training.\u201d)<\/p>\n<p>[\/et_pb_text][\/et_pb_column][\/et_pb_row][\/et_pb_section]<\/p>\n","protected":false},"excerpt":{"rendered":"<p>Willkommen bei Mental Health Tobacco Care! Mental Health Tobacco Care (MHTC) ist eine kostenlose Online-Fortbildung in Tabakologie f\u00fcr Fachpersonen der psychischen Gesundheit.Ziele der Fortbildung Theoretische Kenntnisse in der Tabakologie vertiefen Sich die Instrumente der Tabakologie aneignen, um sie in einem klinischen Kontext praktisch anzuwenden Personen begleiten, die eine Ver\u00e4nderung ihres Konsums anstreben Und wenn wir [&hellip;]<\/p>\n","protected":false},"author":1,"featured_media":0,"parent":0,"menu_order":0,"comment_status":"closed","ping_status":"closed","template":"","meta":{"_acf_changed":false,"_et_pb_use_builder":"on","_et_pb_old_content":"","_et_gb_content_width":"","footnotes":""},"class_list":["post-2583","page","type-page","status-publish","hentry"],"acf":[],"_links":{"self":[{"href":"https:\/\/www.mhtc.ch\/de\/wp-json\/wp\/v2\/pages\/2583","targetHints":{"allow":["GET"]}}],"collection":[{"href":"https:\/\/www.mhtc.ch\/de\/wp-json\/wp\/v2\/pages"}],"about":[{"href":"https:\/\/www.mhtc.ch\/de\/wp-json\/wp\/v2\/types\/page"}],"author":[{"embeddable":true,"href":"https:\/\/www.mhtc.ch\/de\/wp-json\/wp\/v2\/users\/1"}],"replies":[{"embeddable":true,"href":"https:\/\/www.mhtc.ch\/de\/wp-json\/wp\/v2\/comments?post=2583"}],"version-history":[{"count":3,"href":"https:\/\/www.mhtc.ch\/de\/wp-json\/wp\/v2\/pages\/2583\/revisions"}],"predecessor-version":[{"id":4674,"href":"https:\/\/www.mhtc.ch\/de\/wp-json\/wp\/v2\/pages\/2583\/revisions\/4674"}],"wp:attachment":[{"href":"https:\/\/www.mhtc.ch\/de\/wp-json\/wp\/v2\/media?parent=2583"}],"curies":[{"name":"wp","href":"https:\/\/api.w.org\/{rel}","templated":true}]}}