{"id":2455,"date":"2025-04-16T21:42:25","date_gmt":"2025-04-16T21:42:25","guid":{"rendered":"https:\/\/www.mhtc.ch\/home\/"},"modified":"2026-03-06T20:42:15","modified_gmt":"2026-03-06T20:42:15","slug":"home","status":"publish","type":"page","link":"https:\/\/www.mhtc.ch\/it\/","title":{"rendered":"Home"},"content":{"rendered":"<p>[et_pb_section fb_built=&#8221;1&#8243; _builder_version=&#8221;4.27.4&#8243; _module_preset=&#8221;default&#8221; global_colors_info=&#8221;{}&#8221;][et_pb_row _builder_version=&#8221;4.27.4&#8243; _module_preset=&#8221;default&#8221; global_colors_info=&#8221;{}&#8221;][et_pb_column type=&#8221;4_4&#8243; _builder_version=&#8221;4.27.4&#8243; _module_preset=&#8221;default&#8221; global_colors_info=&#8221;{}&#8221;][et_pb_text _builder_version=&#8221;4.27.4&#8243; _module_preset=&#8221;default&#8221; global_colors_info=&#8221;{}&#8221;]<\/p>\n<h1>Benvenuto su Mental Health Tobacco Care!<\/h1>\n<p>Mental Health Tobacco Care (MHTC) \u00e8 una formazione online gratuita in tabaccologia, rivolta ai\/alle professionisti\/e della salute mentale.<\/p>\n<p>[\/et_pb_text][\/et_pb_column][\/et_pb_row][et_pb_row _builder_version=&#8221;4.27.4&#8243; _module_preset=&#8221;default&#8221; global_colors_info=&#8221;{}&#8221;][et_pb_column type=&#8221;4_4&#8243; _builder_version=&#8221;4.27.4&#8243; _module_preset=&#8221;default&#8221; global_colors_info=&#8221;{}&#8221;][et_pb_text _builder_version=&#8221;4.27.4&#8243; _module_preset=&#8221;default&#8221; global_colors_info=&#8221;{}&#8221;]<\/p>\n<h2>Obiettivi della formazione<\/h2>\n<ul>\n<li>Approfondire le conoscenze teoriche in tabaccologia<\/li>\n<li>Fare propri gli strumenti di tabaccologia in vista della loro applicazione nella pratica in un contesto clinico<\/li>\n<li>Accompagnare le persone che desiderano apportare un cambiamento nel loro consumo<\/li>\n<\/ul>\n<p>[\/et_pb_text][\/et_pb_column][\/et_pb_row][et_pb_row column_structure=&#8221;1_2,1_2&#8243; _builder_version=&#8221;4.27.4&#8243; _module_preset=&#8221;default&#8221; global_colors_info=&#8221;{}&#8221;][et_pb_column type=&#8221;1_2&#8243; _builder_version=&#8221;4.27.4&#8243; _module_preset=&#8221;default&#8221; global_colors_info=&#8221;{}&#8221;][et_pb_image src=&#8221;https:\/\/www.mhtc.ch\/wp-content\/uploads\/2025\/06\/tabac-chuv-1-scaled.jpg&#8221; title_text=&#8221;tabac-chuv-1&#8243; _builder_version=&#8221;4.27.4&#8243; _module_preset=&#8221;default&#8221; global_colors_info=&#8221;{}&#8221;][\/et_pb_image][\/et_pb_column][et_pb_column type=&#8221;1_2&#8243; _builder_version=&#8221;4.27.4&#8243; _module_preset=&#8221;default&#8221; global_colors_info=&#8221;{}&#8221;][et_pb_text _builder_version=&#8221;4.27.4&#8243; _module_preset=&#8221;default&#8221; global_colors_info=&#8221;{}&#8221;]<\/p>\n<h2>E se ne parlassimo?<\/h2>\n<p>La sigaretta occupa spesso pi\u00f9 spazio di quanto si creda. Parlarne significa offrire uno spazio di ascolto accogliente per riconoscere questa presenza e avviare una riflessione condivisa.<\/p>\n<p>[\/et_pb_text][\/et_pb_column][\/et_pb_row][et_pb_row column_structure=&#8221;1_2,1_2&#8243; disabled_on=&#8221;on|on|off&#8221; _builder_version=&#8221;4.27.4&#8243; _module_preset=&#8221;default&#8221; global_colors_info=&#8221;{}&#8221;][et_pb_column type=&#8221;1_2&#8243; _builder_version=&#8221;4.27.4&#8243; _module_preset=&#8221;default&#8221; global_colors_info=&#8221;{}&#8221;][et_pb_text _builder_version=&#8221;4.27.4&#8243; _module_preset=&#8221;default&#8221; global_colors_info=&#8221;{}&#8221;]<\/p>\n<h2>Che spazio dare al tabacco?<\/h2>\n<p>Riconoscere lo spazio del tabacco significa offrire un quadro per accompagnare senza giudizio, instaurare una relazione di fiducia e aprire un dialogo sincero.<\/p>\n<p>[\/et_pb_text][\/et_pb_column][et_pb_column type=&#8221;1_2&#8243; _builder_version=&#8221;4.27.4&#8243; _module_preset=&#8221;default&#8221; global_colors_info=&#8221;{}&#8221;][et_pb_image src=&#8221;https:\/\/www.mhtc.ch\/wp-content\/uploads\/2025\/06\/tabac-chuv-2&#8211;scaled.jpg&#8221; title_text=&#8221;tabac-chuv-2&#8243; _builder_version=&#8221;4.27.4&#8243; _module_preset=&#8221;default&#8221; global_colors_info=&#8221;{}&#8221;][\/et_pb_image][\/et_pb_column][\/et_pb_row][et_pb_row column_structure=&#8221;1_2,1_2&#8243; disabled_on=&#8221;off|off|on&#8221; _builder_version=&#8221;4.27.4&#8243; _module_preset=&#8221;default&#8221; global_colors_info=&#8221;{}&#8221;][et_pb_column type=&#8221;1_2&#8243; _builder_version=&#8221;4.27.4&#8243; _module_preset=&#8221;default&#8221; global_colors_info=&#8221;{}&#8221;][et_pb_image src=&#8221;https:\/\/www.mhtc.ch\/wp-content\/uploads\/2025\/06\/tabac-chuv-2&#8211;scaled.jpg&#8221; title_text=&#8221;tabac-chuv-2&#8243; _builder_version=&#8221;4.27.4&#8243; _module_preset=&#8221;default&#8221; global_colors_info=&#8221;{}&#8221;][\/et_pb_image][\/et_pb_column][et_pb_column type=&#8221;1_2&#8243; _builder_version=&#8221;4.27.4&#8243; _module_preset=&#8221;default&#8221; global_colors_info=&#8221;{}&#8221;][et_pb_text _builder_version=&#8221;4.27.4&#8243; _module_preset=&#8221;default&#8221; global_colors_info=&#8221;{}&#8221;]<\/p>\n<h2>Che spazio dare al tabacco?<\/h2>\n<p>Riconoscere lo spazio del tabacco significa offrire un quadro per accompagnare senza giudizio, instaurare una relazione di fiducia e aprire un dialogo sincero.<\/p>\n<p>[\/et_pb_text][\/et_pb_column][\/et_pb_row][et_pb_row column_structure=&#8221;1_2,1_2&#8243; _builder_version=&#8221;4.27.4&#8243; _module_preset=&#8221;default&#8221; global_colors_info=&#8221;{}&#8221;][et_pb_column type=&#8221;1_2&#8243; _builder_version=&#8221;4.27.4&#8243; _module_preset=&#8221;default&#8221; global_colors_info=&#8221;{}&#8221;][et_pb_image src=&#8221;https:\/\/www.mhtc.ch\/wp-content\/uploads\/2025\/06\/tabac-chuv-3-scaled.jpg&#8221; title_text=&#8221;tabac-chuv-3&#8243; _builder_version=&#8221;4.27.4&#8243; _module_preset=&#8221;default&#8221; global_colors_info=&#8221;{}&#8221;][\/et_pb_image][\/et_pb_column][et_pb_column type=&#8221;1_2&#8243; _builder_version=&#8221;4.27.4&#8243; _module_preset=&#8221;default&#8221; global_colors_info=&#8221;{}&#8221;][et_pb_text _builder_version=&#8221;4.27.4&#8243; _module_preset=&#8221;default&#8221; locked=&#8221;off&#8221; global_colors_info=&#8221;{}&#8221;]<\/p>\n<h2>Ne parliamo?<\/h2>\n<p>La discussione pu\u00f2 quindi aprirsi gradualmente. L\u2019obiettivo \u00e8 capire cosa desidera la persona rispetto al proprio consumo, per poterla guidare meglio nel suo percorso.<\/p>\n<p>[\/et_pb_text][\/et_pb_column][\/et_pb_row][et_pb_row column_structure=&#8221;1_2,1_2&#8243; disabled_on=&#8221;on|on|off&#8221; _builder_version=&#8221;4.27.4&#8243; _module_preset=&#8221;default&#8221; global_colors_info=&#8221;{}&#8221;][et_pb_column type=&#8221;1_2&#8243; _builder_version=&#8221;4.27.4&#8243; _module_preset=&#8221;default&#8221; global_colors_info=&#8221;{}&#8221;][et_pb_text _builder_version=&#8221;4.27.4&#8243; _module_preset=&#8221;default&#8221; global_colors_info=&#8221;{}&#8221;]<\/p>\n<h2>Come affrontare gli ostacoli a volte ben radicati?<\/h2>\n<p>Il tabagismo fa spesso parte della quotidianit\u00e0 da molti anni. Liberarsene pu\u00f2 richiedere tempo e identificare i propri ostacoli permette di avanzare con maggiore serenit\u00e0 verso il cambiamento.<\/p>\n<p>[\/et_pb_text][\/et_pb_column][et_pb_column type=&#8221;1_2&#8243; _builder_version=&#8221;4.27.4&#8243; _module_preset=&#8221;default&#8221; global_colors_info=&#8221;{}&#8221;][et_pb_image src=&#8221;https:\/\/www.mhtc.ch\/wp-content\/uploads\/2025\/06\/tabac-chuv-4-scaled.jpg&#8221; title_text=&#8221;tabac-chuv-4&#8243; _builder_version=&#8221;4.27.4&#8243; _module_preset=&#8221;default&#8221; global_colors_info=&#8221;{}&#8221;][\/et_pb_image][\/et_pb_column][\/et_pb_row][et_pb_row column_structure=&#8221;1_2,1_2&#8243; disabled_on=&#8221;off|off|on&#8221; _builder_version=&#8221;4.27.4&#8243; _module_preset=&#8221;default&#8221; global_colors_info=&#8221;{}&#8221;][et_pb_column type=&#8221;1_2&#8243; _builder_version=&#8221;4.27.4&#8243; _module_preset=&#8221;default&#8221; global_colors_info=&#8221;{}&#8221;][et_pb_image src=&#8221;https:\/\/www.mhtc.ch\/wp-content\/uploads\/2025\/06\/tabac-chuv-4-scaled.jpg&#8221; title_text=&#8221;tabac-chuv-4&#8243; _builder_version=&#8221;4.27.4&#8243; _module_preset=&#8221;default&#8221; global_colors_info=&#8221;{}&#8221;][\/et_pb_image][\/et_pb_column][et_pb_column type=&#8221;1_2&#8243; _builder_version=&#8221;4.27.4&#8243; _module_preset=&#8221;default&#8221; global_colors_info=&#8221;{}&#8221;][et_pb_text _builder_version=&#8221;4.27.4&#8243; _module_preset=&#8221;default&#8221; global_colors_info=&#8221;{}&#8221;]<\/p>\n<h2>Come affrontare gli ostacoli a volte ben radicati?<\/h2>\n<p>Il tabagismo fa spesso parte della quotidianit\u00e0 da molti anni. Liberarsene pu\u00f2 richiedere tempo e identificare i propri ostacoli permette di avanzare con maggiore serenit\u00e0 verso il cambiamento.<\/p>\n<p>[\/et_pb_text][\/et_pb_column][\/et_pb_row][et_pb_row column_structure=&#8221;1_2,1_2&#8243; _builder_version=&#8221;4.27.4&#8243; _module_preset=&#8221;default&#8221; global_colors_info=&#8221;{}&#8221;][et_pb_column type=&#8221;1_2&#8243; _builder_version=&#8221;4.27.4&#8243; _module_preset=&#8221;default&#8221; global_colors_info=&#8221;{}&#8221;][et_pb_image src=&#8221;https:\/\/www.mhtc.ch\/wp-content\/uploads\/2025\/06\/tabac-chuv-5-scaled.jpg&#8221; title_text=&#8221;tabac-chuv-5&#8243; _builder_version=&#8221;4.27.4&#8243; _module_preset=&#8221;default&#8221; global_colors_info=&#8221;{}&#8221;][\/et_pb_image][\/et_pb_column][et_pb_column type=&#8221;1_2&#8243; _builder_version=&#8221;4.27.4&#8243; _module_preset=&#8221;default&#8221; global_colors_info=&#8221;{}&#8221;][et_pb_text _builder_version=&#8221;4.27.4&#8243; _module_preset=&#8221;default&#8221; global_colors_info=&#8221;{}&#8221;]<\/p>\n<h2>Insieme, quali sono le soluzioni?<\/h2>\n<p>Una volta aperta la discussione, \u00e8 il momento di esplorare le diverse opzioni possibili, adatte a ciascuna persona. L\u2019importante \u00e8 andare avanti, passo dopo passo, verso una vita in cui la sigaretta occupa finalmente meno spazio.<\/p>\n<p>[\/et_pb_text][\/et_pb_column][\/et_pb_row][et_pb_row column_structure=&#8221;1_2,1_2&#8243; disabled_on=&#8221;on|on|off&#8221; _builder_version=&#8221;4.27.4&#8243; _module_preset=&#8221;default&#8221; global_colors_info=&#8221;{}&#8221;][et_pb_column type=&#8221;1_2&#8243; _builder_version=&#8221;4.27.4&#8243; _module_preset=&#8221;default&#8221; global_colors_info=&#8221;{}&#8221;][et_pb_text _builder_version=&#8221;4.27.4&#8243; _module_preset=&#8221;default&#8221; global_colors_info=&#8221;{}&#8221;]<\/p>\n<h2>E se il tabagismo riaffiora?<\/h2>\n<p>Cambiare un comportamento come il consumo di tabacco \u00e8 difficile. Anche dopo una decisione di cambiamento, la persona pu\u00f2 ritrovarsi a ripetere il comportamento iniziale.<\/p>\n<p>\u00c8 quindi essenziale usare un linguaggio non stigmatizzante e incoraggiante.<\/p>\n<p>[\/et_pb_text][\/et_pb_column][et_pb_column type=&#8221;1_2&#8243; _builder_version=&#8221;4.27.4&#8243; _module_preset=&#8221;default&#8221; global_colors_info=&#8221;{}&#8221;][et_pb_image src=&#8221;https:\/\/www.mhtc.ch\/wp-content\/uploads\/2025\/06\/tabac-chuv-6-scaled.jpg&#8221; title_text=&#8221;tabac-chuv-6&#8243; _builder_version=&#8221;4.27.4&#8243; _module_preset=&#8221;default&#8221; global_colors_info=&#8221;{}&#8221;][\/et_pb_image][\/et_pb_column][\/et_pb_row][et_pb_row column_structure=&#8221;1_2,1_2&#8243; disabled_on=&#8221;off|off|on&#8221; _builder_version=&#8221;4.27.4&#8243; _module_preset=&#8221;default&#8221; global_colors_info=&#8221;{}&#8221;][et_pb_column type=&#8221;1_2&#8243; _builder_version=&#8221;4.27.4&#8243; _module_preset=&#8221;default&#8221; global_colors_info=&#8221;{}&#8221;][et_pb_image src=&#8221;https:\/\/www.mhtc.ch\/wp-content\/uploads\/2025\/06\/tabac-chuv-6-scaled.jpg&#8221; title_text=&#8221;tabac-chuv-6&#8243; _builder_version=&#8221;4.27.4&#8243; _module_preset=&#8221;default&#8221; global_colors_info=&#8221;{}&#8221;][\/et_pb_image][\/et_pb_column][et_pb_column type=&#8221;1_2&#8243; _builder_version=&#8221;4.27.4&#8243; _module_preset=&#8221;default&#8221; global_colors_info=&#8221;{}&#8221;][et_pb_text _builder_version=&#8221;4.27.4&#8243; _module_preset=&#8221;default&#8221; global_colors_info=&#8221;{}&#8221;]<\/p>\n<h2>E se il tabagismo riaffiora?<\/h2>\n<p>Cambiare un comportamento come il consumo di tabacco \u00e8 difficile. Anche dopo una decisione di cambiamento, la persona pu\u00f2 ritrovarsi a ripetere il comportamento iniziale.<\/p>\n<p>\u00c8 quindi essenziale usare un linguaggio non stigmatizzante e incoraggiante.<\/p>\n<p>[\/et_pb_text][\/et_pb_column][\/et_pb_row][et_pb_row _builder_version=&#8221;4.27.6&#8243; _module_preset=&#8221;default&#8221;][et_pb_column _builder_version=&#8221;4.27.6&#8243; _module_preset=&#8221;default&#8221; type=&#8221;4_4&#8243;][et_pb_text _builder_version=&#8221;4.27.6&#8243; _module_preset=&#8221;default&#8221; hover_enabled=&#8221;0&#8243; sticky_enabled=&#8221;0&#8243;]<\/p>\n<h2>Ringraziamenti<\/h2>\n<p>Il progetto \u00abPromozione della cessazione del fumo tra persone in trattamento per un disturbo psichico, rafforzando le competenze dei professionisti della salute mentale e il loro utilizzo delle risorse disponibili: progettazione e realizzazione degli strumenti (STEN)\u00bb \u00e8 sostenuto finanziariamente dal Fondo per la prevenzione del tabagismo.<\/p>\n<p>Hanno contribuito all\u2019elaborazione della formazione:<br \/>Prof. Yasser Khazaal, Lauriane Wenig, Anne Leroy, Elise Martinelli, Jean-Christophe Leroy (dell\u2019associazione Positive Minders), Aur\u00e9lien Kollbrunner, Evelyne Laszlo (del CIPRET-Ginevra), Isabelle Jacot Sadowski (di Unisant\u00e9), Reto Auer, Dr. Frederik Vandenberghe, Dr. Kevin Selby, Dr. Juan Lopez, Laia P\u00e9rez de Luc\u00eda Bov\u00e9, Dr. Benjamin Boutrel, Ineke Keizer, Dr. Jean-Paul Humair.<\/p>\n<p>Ringraziamo S\u00e9bastien Perroud per le illustrazioni, e Jules, Camille, Jason, Fabrice e David per la loro testimonianza.<\/p>\n<p>Ringraziamo il National Centre for Smoking Cessation and Training nel Regno Unito per il loro sostegno e i loro consigli nello sviluppo di questa formazione. (\u201cWe thank thefor their support and advice in developing this training.\u201d)<\/p>\n<p>[\/et_pb_text][\/et_pb_column][\/et_pb_row][\/et_pb_section]<\/p>\n","protected":false},"excerpt":{"rendered":"<p>Benvenuto su Mental Health Tobacco Care! Mental Health Tobacco Care (MHTC) \u00e8 una formazione online gratuita in tabaccologia, rivolta ai\/alle professionisti\/e della salute mentale.Obiettivi della formazione Approfondire le conoscenze teoriche in tabaccologia Fare propri gli strumenti di tabaccologia in vista della loro applicazione nella pratica in un contesto clinico Accompagnare le persone che desiderano apportare [&hellip;]<\/p>\n","protected":false},"author":1,"featured_media":0,"parent":0,"menu_order":0,"comment_status":"closed","ping_status":"closed","template":"","meta":{"_acf_changed":false,"_et_pb_use_builder":"on","_et_pb_old_content":"","_et_gb_content_width":"","footnotes":""},"class_list":["post-2455","page","type-page","status-publish","hentry"],"acf":[],"_links":{"self":[{"href":"https:\/\/www.mhtc.ch\/it\/wp-json\/wp\/v2\/pages\/2455","targetHints":{"allow":["GET"]}}],"collection":[{"href":"https:\/\/www.mhtc.ch\/it\/wp-json\/wp\/v2\/pages"}],"about":[{"href":"https:\/\/www.mhtc.ch\/it\/wp-json\/wp\/v2\/types\/page"}],"author":[{"embeddable":true,"href":"https:\/\/www.mhtc.ch\/it\/wp-json\/wp\/v2\/users\/1"}],"replies":[{"embeddable":true,"href":"https:\/\/www.mhtc.ch\/it\/wp-json\/wp\/v2\/comments?post=2455"}],"version-history":[{"count":2,"href":"https:\/\/www.mhtc.ch\/it\/wp-json\/wp\/v2\/pages\/2455\/revisions"}],"predecessor-version":[{"id":4676,"href":"https:\/\/www.mhtc.ch\/it\/wp-json\/wp\/v2\/pages\/2455\/revisions\/4676"}],"wp:attachment":[{"href":"https:\/\/www.mhtc.ch\/it\/wp-json\/wp\/v2\/media?parent=2455"}],"curies":[{"name":"wp","href":"https:\/\/api.w.org\/{rel}","templated":true}]}}