{"id":2615,"date":"2025-04-14T09:38:43","date_gmt":"2025-04-14T09:38:43","guid":{"rendered":"https:\/\/www.mhtc.ch\/formazione\/"},"modified":"2026-02-27T09:56:38","modified_gmt":"2026-02-27T09:56:38","slug":"formazione","status":"publish","type":"page","link":"https:\/\/www.mhtc.ch\/it\/formazione\/","title":{"rendered":"Formazione"},"content":{"rendered":"<p>[et_pb_section fb_built=&#8221;1&#8243; _builder_version=&#8221;4.27.4&#8243; _module_preset=&#8221;default&#8221; background_color=&#8221;#FFFFFF&#8221; global_colors_info=&#8221;{}&#8221;][et_pb_row _builder_version=&#8221;4.27.4&#8243; _module_preset=&#8221;default&#8221; global_colors_info=&#8221;{}&#8221;][et_pb_column type=&#8221;4_4&#8243; _builder_version=&#8221;4.27.4&#8243; _module_preset=&#8221;default&#8221; global_colors_info=&#8221;{}&#8221;][et_pb_post_title meta=&#8221;off&#8221; _builder_version=&#8221;4.27.4&#8243; _module_preset=&#8221;default&#8221; global_colors_info=&#8221;{}&#8221;][\/et_pb_post_title][et_pb_text _builder_version=&#8221;4.27.5&#8243; _module_preset=&#8221;default&#8221; hover_enabled=&#8221;0&#8243; global_colors_info=&#8221;{}&#8221; sticky_enabled=&#8221;0&#8243;]<\/p>\n<p data-start=\"78\" data-end=\"199\">La formazione MHTC \u00e8 composta da diversi moduli online, progettati per adattarsi alla tua pratica e al tuo ritmo.<\/p>\n<p data-start=\"201\" data-end=\"294\">Ogni modulo pu\u00f2 essere seguito indipendentemente, in base alle tue esigenze e alle tue priorit\u00e0 del momento.<\/p>\n<p data-start=\"296\" data-end=\"452\" data-is-last-node=\"\" data-is-only-node=\"\">Sei libero di procedere passo dopo passo, di esplorare un tema specifico o di percorrere l&#8217;intero programma per approfondire le tue competenze in tabaccologia.<\/p>\n<p>[\/et_pb_text][et_pb_text _builder_version=&#8221;4.27.4&#8243; _module_preset=&#8221;default&#8221; global_colors_info=&#8221;{}&#8221;]<\/p>\n\n<p>[\/et_pb_text][et_pb_ld_course_list skin=&#8221;masonry&#8221; course_order=&#8221;ASC&#8221; course_order_by=&#8221;title&#8221; show_thumbnail=&#8221;off&#8221; show_progress_bar=&#8221;on&#8221; show_total_students=&#8221;off&#8221; show_total_quizzes=&#8221;off&#8221; _builder_version=&#8221;4.27.4&#8243; _module_preset=&#8221;default&#8221; global_colors_info=&#8221;{}&#8221;][\/et_pb_ld_course_list][\/et_pb_column][\/et_pb_row][\/et_pb_section]<\/p>\n","protected":false},"excerpt":{"rendered":"<p>La formazione MHTC \u00e8 composta da diversi moduli online, progettati per adattarsi alla tua pratica e al tuo ritmo. Ogni modulo pu\u00f2 essere seguito indipendentemente, in base alle tue esigenze e alle tue priorit\u00e0 del momento. Sei libero di procedere passo dopo passo, di esplorare un tema specifico o di percorrere l&#8217;intero programma per approfondire [&hellip;]<\/p>\n","protected":false},"author":1,"featured_media":0,"parent":0,"menu_order":0,"comment_status":"closed","ping_status":"closed","template":"","meta":{"_acf_changed":false,"_et_pb_use_builder":"on","_et_pb_old_content":"","_et_gb_content_width":"","footnotes":""},"class_list":["post-2615","page","type-page","status-publish","hentry"],"acf":[],"_links":{"self":[{"href":"https:\/\/www.mhtc.ch\/it\/wp-json\/wp\/v2\/pages\/2615","targetHints":{"allow":["GET"]}}],"collection":[{"href":"https:\/\/www.mhtc.ch\/it\/wp-json\/wp\/v2\/pages"}],"about":[{"href":"https:\/\/www.mhtc.ch\/it\/wp-json\/wp\/v2\/types\/page"}],"author":[{"embeddable":true,"href":"https:\/\/www.mhtc.ch\/it\/wp-json\/wp\/v2\/users\/1"}],"replies":[{"embeddable":true,"href":"https:\/\/www.mhtc.ch\/it\/wp-json\/wp\/v2\/comments?post=2615"}],"version-history":[{"count":2,"href":"https:\/\/www.mhtc.ch\/it\/wp-json\/wp\/v2\/pages\/2615\/revisions"}],"predecessor-version":[{"id":2619,"href":"https:\/\/www.mhtc.ch\/it\/wp-json\/wp\/v2\/pages\/2615\/revisions\/2619"}],"wp:attachment":[{"href":"https:\/\/www.mhtc.ch\/it\/wp-json\/wp\/v2\/media?parent=2615"}],"curies":[{"name":"wp","href":"https:\/\/api.w.org\/{rel}","templated":true}]}}